{"id":256,"date":"2018-02-09T08:37:55","date_gmt":"2018-02-09T08:37:55","guid":{"rendered":"http:\/\/ceu.ijs.si\/navodila-za-pot\/"},"modified":"2018-02-09T08:37:55","modified_gmt":"2018-02-09T08:37:55","slug":"navodila-za-pot","status":"publish","type":"page","link":"https:\/\/ceu.ijs.si\/en\/navodila-za-pot\/","title":{"rendered":"Navodila za pot"},"content":{"rendered":"<p><strong>Lasten prevoz<\/strong><\/p>\n<p>Avtocesta A1 Ljubljana &#8211; Maribor, izvoz \u0160entjakob (smer Litija), nato 750 m po cesti \u0161t. 108 in v semaforiziranem kri\u017ei\u0161\u010du levo. Stavbe Reaktorskega centra so dobro vidne sredi polja.<\/p>\n<p><strong>Z avtobusom<\/strong><\/p>\n<p>Do nas vozi tudi mestni avtobus \u0161t. 21.<\/p>\n<p><strong>Z vlakom<\/strong><\/p>\n<p>Slovenske \u017eeleznice povezujejo ve\u010dino ve\u010djih slovenskih krajev z Ljubljano, od koder se lahko nato z mestnim avtobusom pripeljete do nas (glej prej\u0161nji odstavek).<\/p>\n<p><strong>Z letalom<\/strong><\/p>\n<p>Ljubljansko letali\u0161\u010de Brnik je od sredi\u0161\u010da mesta oddaljeno 20 km. Z rednimi letalskimi linijami povezuje Ljubljano s pomembnej\u0161imi evropskimi in svetovnimi mesti. Od letali\u0161\u010da do centra Ljubljane se lahko pripeljete z avtobusom ali taksijem. Lahko tudi najamete vozilo.<\/p>\n<p><strong>S taksijem<\/strong><\/p>\n<p>Iz centra Ljubljane vas udobno pripelje tudi taksi. Pokli\u010dite ga na telefon: 9700, 9701, 9702, 9703, 9704, 9705 in 9706.<\/p>\n<p><img loading=\"lazy\" decoding=\"async\" class=\"alignnone  wp-image-146\" src=\"http:\/\/ceu.ijs.si\/wp-content\/uploads\/2018\/02\/qr-code-sl-300x300.jpg\" alt=\"\" width=\"175\" height=\"175\" srcset=\"https:\/\/ceu.ijs.si\/wp-content\/uploads\/2018\/02\/qr-code-sl-300x300.jpg 300w, https:\/\/ceu.ijs.si\/wp-content\/uploads\/2018\/02\/qr-code-sl-150x150.jpg 150w, https:\/\/ceu.ijs.si\/wp-content\/uploads\/2018\/02\/qr-code-sl.jpg 498w\" sizes=\"auto, (max-width: 175px) 100vw, 175px\" \/><\/p>\n","protected":false},"excerpt":{"rendered":"<p>Lasten prevoz Avtocesta A1 Ljubljana &#8211; Maribor, izvoz \u0160entjakob (smer Litija), nato 750 m po cesti \u0161t. 108 in v semaforiziranem kri\u017ei\u0161\u010du levo. Stavbe Reaktorskega centra so dobro vidne sredi polja. Z avtobusom Do nas vozi tudi mestni avtobus \u0161t. 21. Z vlakom Slovenske \u017eeleznice povezujejo ve\u010dino ve\u010djih slovenskih krajev z Ljubljano, od koder se lahko nato z mestnim avtobusom pripeljete do nas (glej prej\u0161nji odstavek). Z letalom Ljubljansko letali\u0161\u010de Brnik je od sredi\u0161\u010da mesta oddaljeno 20 km. Z rednimi letalskimi linijami povezuje Ljubljano s pomembnej\u0161imi evropskimi in svetovnimi mesti. Od letali\u0161\u010da do centra Ljubljane se lahko pripeljete z avtobusom ali taksijem. Lahko tudi najamete vozilo. S taksijem Iz centra Ljubljane vas udobno pripelje tudi taksi. Pokli\u010dite ga na telefon:&#8230;<\/p>\n","protected":false},"author":1,"featured_media":0,"parent":0,"menu_order":0,"comment_status":"closed","ping_status":"closed","template":"","meta":{"_acf_changed":false,"_crdt_document":"","footnotes":""},"class_list":["post-256","page","type-page","status-publish","hentry"],"acf":[],"_links":{"self":[{"href":"https:\/\/ceu.ijs.si\/en\/wp-json\/wp\/v2\/pages\/256","targetHints":{"allow":["GET"]}}],"collection":[{"href":"https:\/\/ceu.ijs.si\/en\/wp-json\/wp\/v2\/pages"}],"about":[{"href":"https:\/\/ceu.ijs.si\/en\/wp-json\/wp\/v2\/types\/page"}],"author":[{"embeddable":true,"href":"https:\/\/ceu.ijs.si\/en\/wp-json\/wp\/v2\/users\/1"}],"replies":[{"embeddable":true,"href":"https:\/\/ceu.ijs.si\/en\/wp-json\/wp\/v2\/comments?post=256"}],"version-history":[{"count":0,"href":"https:\/\/ceu.ijs.si\/en\/wp-json\/wp\/v2\/pages\/256\/revisions"}],"wp:attachment":[{"href":"https:\/\/ceu.ijs.si\/en\/wp-json\/wp\/v2\/media?parent=256"}],"curies":[{"name":"wp","href":"https:\/\/api.w.org\/{rel}","templated":true}]}}